{"id":15623,"date":"2013-07-12T15:53:50","date_gmt":"2013-07-12T13:53:50","guid":{"rendered":"http:\/\/ugugu.noblogs.org\/?page_id=15623"},"modified":"2013-07-24T15:52:17","modified_gmt":"2013-07-24T13:52:17","slug":"15623-2","status":"publish","type":"page","link":"https:\/\/ugugu.noblogs.org\/?page_id=15623","title":{"rendered":"Spielregeln"},"content":{"rendered":"<p>Sie m\u00fcssen aber auch alles wissen\u2026<\/p>\n<p>\u2026das ist positiv und gleichzeitig irgendwie \u00e4rgerlich. Hier geh\u00f6rt alles mir. Nur das Impressum ist geklaut. Eine automatische Verbreitung oder Ver\u00f6ffentlichung der Inhalte durch RSS-Feeds jenseits kurzer Ausschnitte der Texte bedarf meiner ausdr\u00fccklichen Genehmigung. Dies gilt insbesondere f\u00fcr die kommerzielle Nutzung und die Speicherung f\u00fcr kommerzielle Zwecke wie beispielsweise PR-Agenturen und Blog\u00fcberwacher.<\/p>\n<p>Als kommerziell z\u00e4hlt jeder Dienst, der Einnahmen generiert, sei es durch Verk\u00e4ufe, Werbeeinblendungen oder sonstige Finanzmodelle. Werbung jeglicher Art in den Kommentarspalten ist extrem illegal.<\/p>\n","protected":false},"excerpt":{"rendered":"<p>Sie m\u00fcssen aber auch alles wissen\u2026 \u2026das ist positiv und gleichzeitig irgendwie \u00e4rgerlich. Hier geh\u00f6rt alles mir. Nur das Impressum ist geklaut. Eine automatische Verbreitung oder Ver\u00f6ffentlichung der Inhalte durch RSS-Feeds jenseits kurzer Ausschnitte der Texte bedarf meiner ausdr\u00fccklichen Genehmigung. &hellip; <a href=\"https:\/\/ugugu.noblogs.org\/?page_id=15623\">Continue reading <span class=\"meta-nav\">&rarr;<\/span><\/a><\/p>\n","protected":false},"author":6991,"featured_media":0,"parent":0,"menu_order":0,"comment_status":"open","ping_status":"open","template":"","meta":{"footnotes":""},"class_list":["post-15623","page","type-page","status-publish","hentry"],"_links":{"self":[{"href":"https:\/\/ugugu.noblogs.org\/index.php?rest_route=\/wp\/v2\/pages\/15623","targetHints":{"allow":["GET"]}}],"collection":[{"href":"https:\/\/ugugu.noblogs.org\/index.php?rest_route=\/wp\/v2\/pages"}],"about":[{"href":"https:\/\/ugugu.noblogs.org\/index.php?rest_route=\/wp\/v2\/types\/page"}],"author":[{"embeddable":true,"href":"https:\/\/ugugu.noblogs.org\/index.php?rest_route=\/wp\/v2\/users\/6991"}],"replies":[{"embeddable":true,"href":"https:\/\/ugugu.noblogs.org\/index.php?rest_route=%2Fwp%2Fv2%2Fcomments&post=15623"}],"version-history":[{"count":2,"href":"https:\/\/ugugu.noblogs.org\/index.php?rest_route=\/wp\/v2\/pages\/15623\/revisions"}],"predecessor-version":[{"id":15706,"href":"https:\/\/ugugu.noblogs.org\/index.php?rest_route=\/wp\/v2\/pages\/15623\/revisions\/15706"}],"wp:attachment":[{"href":"https:\/\/ugugu.noblogs.org\/index.php?rest_route=%2Fwp%2Fv2%2Fmedia&parent=15623"}],"curies":[{"name":"wp","href":"https:\/\/api.w.org\/{rel}","templated":true}]}}